{"id":73,"date":"2025-02-10T17:15:20","date_gmt":"2025-02-10T17:15:20","guid":{"rendered":"https:\/\/nopalina.com\/?post_type=product&#038;p=73"},"modified":"2026-01-09T21:37:03","modified_gmt":"2026-01-09T21:37:03","slug":"nopalina-capsulas-x120","status":"publish","type":"product","link":"https:\/\/nopalina.com\/es\/producto\/nopalina-capsulas-x120\/","title":{"rendered":"C\u00e1psulas de nopalina x120"},"content":{"rendered":"<p>Nopalina is a 100% natural and versatile supplement crafted to support a healthy and active lifestyle. Its unique formula combines soluble and insoluble fibers, essential fatty acids, and fruit extracts to promote overall well-being and digestive health. \u2013 A natural source of fiber to help maintain digestive balance. \u2013 Complements a healthy diet by providing additional fiber for optimal digestion. \u2013 Ideal for those seeking a natural way to enhance their daily nutrition.<\/p>","protected":false},"excerpt":{"rendered":"<ul class=\"a-unordered-list a-vertical a-spacing-mini\">\n<li class=\"a-spacing-mini\"><span class=\"a-list-item\">Apoya la salud digestiva y promueve la regularidad con una mezcla natural de fibras.<\/span><\/li>\n<li class=\"a-spacing-mini\"><span class=\"a-list-item\">Elaborado con ingredientes 100% naturales, entre ellos linaza, c\u00e1scara de psyllium y cactus comestible (nopal).<\/span><\/li>\n<li class=\"a-spacing-mini\"><span class=\"a-list-item\">Nopalina se elabora en EE. UU. en instalaciones registradas por la FDA. Cuenta con certificaci\u00f3n GMP, es kosher y est\u00e1 elaborada con ingredientes de calidad para cumplir con altos est\u00e1ndares de seguridad.<\/span><\/li>\n<li class=\"a-spacing-mini\"><span class=\"a-list-item\">Rico en \u00e1cidos grasos Omega-3, 6 y 9 y una mezcla de fibras solubles e insolubles.<\/span><\/li>\n<li class=\"a-spacing-mini\"><span class=\"a-list-item\">In a convenient capsule form, Nopalina is simple to add to your routine. Take once or twice daily, following the guidance provided on the label.<\/span><\/li>\n<\/ul>","protected":false},"featured_media":53,"comment_status":"open","ping_status":"closed","template":"","meta":{"site-sidebar-layout":"default","site-content-layout":"","ast-site-content-layout":"default","site-content-style":"default","site-sidebar-style":"default","ast-global-header-display":"","ast-banner-title-visibility":"","ast-main-header-display":"","ast-hfb-above-header-display":"","ast-hfb-below-header-display":"","ast-hfb-mobile-header-display":"","site-post-title":"","ast-breadcrumbs-content":"","ast-featured-img":"","footer-sml-layout":"","ast-disable-related-posts":"","theme-transparent-header-meta":"default","adv-header-id-meta":"","stick-header-meta":"","header-above-stick-meta":"","header-main-stick-meta":"","header-below-stick-meta":"","astra-migrate-meta-layouts":"set","ast-page-background-enabled":"default","ast-page-background-meta":{"desktop":{"background-color":"var(--ast-global-color-5)","background-image":"","background-repeat":"repeat","background-position":"center center","background-size":"auto","background-attachment":"scroll","background-type":"","background-media":"","overlay-type":"","overlay-color":"","overlay-opacity":"","overlay-gradient":""},"tablet":{"background-color":"","background-image":"","background-repeat":"repeat","background-position":"center center","background-size":"auto","background-attachment":"scroll","background-type":"","background-media":"","overlay-type":"","overlay-color":"","overlay-opacity":"","overlay-gradient":""},"mobile":{"background-color":"","background-image":"","background-repeat":"repeat","background-position":"center center","background-size":"auto","background-attachment":"scroll","background-type":"","background-media":"","overlay-type":"","overlay-color":"","overlay-opacity":"","overlay-gradient":""}},"ast-content-background-meta":{"desktop":{"background-color":"var(--ast-global-color-4)","background-image":"","background-repeat":"repeat","background-position":"center center","background-size":"auto","background-attachment":"scroll","background-type":"","background-media":"","overlay-type":"","overlay-color":"","overlay-opacity":"","overlay-gradient":""},"tablet":{"background-color":"var(--ast-global-color-4)","background-image":"","background-repeat":"repeat","background-position":"center center","background-size":"auto","background-attachment":"scroll","background-type":"","background-media":"","overlay-type":"","overlay-color":"","overlay-opacity":"","overlay-gradient":""},"mobile":{"background-color":"var(--ast-global-color-4)","background-image":"","background-repeat":"repeat","background-position":"center center","background-size":"auto","background-attachment":"scroll","background-type":"","background-media":"","overlay-type":"","overlay-color":"","overlay-opacity":"","overlay-gradient":""}}},"product_brand":[55],"product_cat":[32],"product_tag":[49],"class_list":{"0":"post-73","1":"product","2":"type-product","3":"status-publish","4":"has-post-thumbnail","6":"product_brand-nopalina","7":"product_cat-capsules","8":"product_tag-digestive-health","9":"product_shipping_class-shipping","10":"desktop-align-left","11":"tablet-align-left","12":"mobile-align-left","14":"first","15":"instock","16":"taxable","17":"shipping-taxable","18":"purchasable","19":"product-type-simple"},"_links":{"self":[{"href":"https:\/\/nopalina.com\/es\/wp-json\/wp\/v2\/product\/73","targetHints":{"allow":["GET"]}}],"collection":[{"href":"https:\/\/nopalina.com\/es\/wp-json\/wp\/v2\/product"}],"about":[{"href":"https:\/\/nopalina.com\/es\/wp-json\/wp\/v2\/types\/product"}],"replies":[{"embeddable":true,"href":"https:\/\/nopalina.com\/es\/wp-json\/wp\/v2\/comments?post=73"}],"wp:featuredmedia":[{"embeddable":true,"href":"https:\/\/nopalina.com\/es\/wp-json\/wp\/v2\/media\/53"}],"wp:attachment":[{"href":"https:\/\/nopalina.com\/es\/wp-json\/wp\/v2\/media?parent=73"}],"wp:term":[{"taxonomy":"product_brand","embeddable":true,"href":"https:\/\/nopalina.com\/es\/wp-json\/wp\/v2\/product_brand?post=73"},{"taxonomy":"product_cat","embeddable":true,"href":"https:\/\/nopalina.com\/es\/wp-json\/wp\/v2\/product_cat?post=73"},{"taxonomy":"product_tag","embeddable":true,"href":"https:\/\/nopalina.com\/es\/wp-json\/wp\/v2\/product_tag?post=73"}],"curies":[{"name":"wp","href":"https:\/\/api.w.org\/{rel}","templated":true}]}}