{"id":595,"date":"2025-10-01T21:37:38","date_gmt":"2025-10-01T21:37:38","guid":{"rendered":"https:\/\/nopalina.com\/?post_type=product&#038;p=595"},"modified":"2026-04-09T08:04:56","modified_gmt":"2026-04-09T08:04:56","slug":"collagen-capsulas-x120","status":"publish","type":"product","link":"https:\/\/nopalina.com\/es\/producto\/collagen-capsulas-x120\/","title":{"rendered":"Hydrolyzed Collagen + Vitamin C | 1500mg Capsules x120"},"content":{"rendered":"<p><b>Col\u00e1geno de alta absorci\u00f3n para un bienestar integral<\/b><\/p>\n<p>POWERFUL COMBINATION &#8211; COLLAGEN + VITAMIN C CAPSULES: A combination of Types 1 and 3 hydrolyzed collagen blend (1500 mg) and Vitamin C as Ascorbit Acid (60 mg). Its hydrolyzed formula is highly bioavailable which means it is easily and rapidly absorbed in the body.<\/p>\n<p>Nopalina ofrece un potente suplemento de <b>Col\u00e1geno hidrolizado<\/b>, enriquecido con <b>Vitamin C (60mg per serving)<\/b>. Esta f\u00f3rmula est\u00e1 dise\u00f1ada para brindar los m\u00e1ximos beneficios:<\/p>\n<ul>\n<li><b>Soporte estructural:<\/b> Presenta una mezcla de <b>Col\u00e1geno tipo 1 y tipo 3<\/b>, los dos tipos m\u00e1s abundantes que se encuentran en el cuerpo, que son esenciales para la estructura de <b>piel, tendones, ligamentos, huesos y m\u00fasculos<\/b>.<\/li>\n<li><b>Belleza desde dentro:<\/b> Ayuda <b>promover el antienvejecimiento<\/b> y piel <b>elasticidad<\/b>, al tiempo que apoya la fortaleza y el crecimiento de <b>cabello y u\u00f1as<\/b>.<\/li>\n<li><b>Salud de las articulaciones:<\/b> Contribuye a mantener la salud y flexibilidad de tu <b>articulaciones<\/b>.<\/li>\n<li><b>Reforzado con vitamina C:<\/b> <b>Vitamina C (\u00e1cido asc\u00f3rbico)<\/b> no solo se incluye para <b>soporte inmune.<\/b> pero es <b>crucial<\/b> para la s\u00edntesis natural de col\u00e1geno del cuerpo, asegurando <b>mejor absorci\u00f3n<\/b> y la eficacia del suplemento.<\/li>\n<li><b>Alta biodisponibilidad:<\/b> El col\u00e1geno es <b>hidrolizado<\/b>, lo que significa que se descompone en p\u00e9ptidos m\u00e1s peque\u00f1os para <b>absorci\u00f3n r\u00e1pida y f\u00e1cil<\/b> by your body<\/li>\n<\/ul>","protected":false},"excerpt":{"rendered":"<p><strong>POWERFUL COMBINATION &#8211; COLLAGEN + VITAMIN C CAPSULES:<\/strong> A combination of <strong>Types 1 and 3 hydrolyzed collagen<\/strong> blend (1500 mg) and <strong>Vitamin C<\/strong> as Ascorbit Acid (60 mg). Its hydrolyzed formula is highly bioavailable which means it is easily and rapidly absorbed in the body.<\/p>","protected":false},"featured_media":576,"comment_status":"open","ping_status":"closed","template":"","meta":{"site-sidebar-layout":"default","site-content-layout":"","ast-site-content-layout":"default","site-content-style":"default","site-sidebar-style":"default","ast-global-header-display":"","ast-banner-title-visibility":"","ast-main-header-display":"","ast-hfb-above-header-display":"","ast-hfb-below-header-display":"","ast-hfb-mobile-header-display":"","site-post-title":"","ast-breadcrumbs-content":"","ast-featured-img":"","footer-sml-layout":"","ast-disable-related-posts":"","theme-transparent-header-meta":"default","adv-header-id-meta":"","stick-header-meta":"","header-above-stick-meta":"","header-main-stick-meta":"","header-below-stick-meta":"","astra-migrate-meta-layouts":"set","ast-page-background-enabled":"default","ast-page-background-meta":{"desktop":{"background-color":"var(--ast-global-color-5)","background-image":"","background-repeat":"repeat","background-position":"center center","background-size":"auto","background-attachment":"scroll","background-type":"","background-media":"","overlay-type":"","overlay-color":"","overlay-opacity":"","overlay-gradient":""},"tablet":{"background-color":"","background-image":"","background-repeat":"repeat","background-position":"center center","background-size":"auto","background-attachment":"scroll","background-type":"","background-media":"","overlay-type":"","overlay-color":"","overlay-opacity":"","overlay-gradient":""},"mobile":{"background-color":"","background-image":"","background-repeat":"repeat","background-position":"center center","background-size":"auto","background-attachment":"scroll","background-type":"","background-media":"","overlay-type":"","overlay-color":"","overlay-opacity":"","overlay-gradient":""}},"ast-content-background-meta":{"desktop":{"background-color":"var(--ast-global-color-4)","background-image":"","background-repeat":"repeat","background-position":"center center","background-size":"auto","background-attachment":"scroll","background-type":"","background-media":"","overlay-type":"","overlay-color":"","overlay-opacity":"","overlay-gradient":""},"tablet":{"background-color":"var(--ast-global-color-4)","background-image":"","background-repeat":"repeat","background-position":"center center","background-size":"auto","background-attachment":"scroll","background-type":"","background-media":"","overlay-type":"","overlay-color":"","overlay-opacity":"","overlay-gradient":""},"mobile":{"background-color":"var(--ast-global-color-4)","background-image":"","background-repeat":"repeat","background-position":"center center","background-size":"auto","background-attachment":"scroll","background-type":"","background-media":"","overlay-type":"","overlay-color":"","overlay-opacity":"","overlay-gradient":""}}},"product_brand":[55],"product_cat":[32],"product_tag":[48,47],"class_list":{"0":"post-595","1":"product","2":"type-product","3":"status-publish","4":"has-post-thumbnail","6":"product_brand-nopalina","7":"product_cat-capsules","8":"product_tag-joints","9":"product_tag-skin","10":"product_shipping_class-shipping","11":"desktop-align-left","12":"tablet-align-left","13":"mobile-align-left","15":"first","16":"instock","17":"sale","18":"taxable","19":"shipping-taxable","20":"purchasable","21":"product-type-simple"},"_links":{"self":[{"href":"https:\/\/nopalina.com\/es\/wp-json\/wp\/v2\/product\/595","targetHints":{"allow":["GET"]}}],"collection":[{"href":"https:\/\/nopalina.com\/es\/wp-json\/wp\/v2\/product"}],"about":[{"href":"https:\/\/nopalina.com\/es\/wp-json\/wp\/v2\/types\/product"}],"replies":[{"embeddable":true,"href":"https:\/\/nopalina.com\/es\/wp-json\/wp\/v2\/comments?post=595"}],"wp:featuredmedia":[{"embeddable":true,"href":"https:\/\/nopalina.com\/es\/wp-json\/wp\/v2\/media\/576"}],"wp:attachment":[{"href":"https:\/\/nopalina.com\/es\/wp-json\/wp\/v2\/media?parent=595"}],"wp:term":[{"taxonomy":"product_brand","embeddable":true,"href":"https:\/\/nopalina.com\/es\/wp-json\/wp\/v2\/product_brand?post=595"},{"taxonomy":"product_cat","embeddable":true,"href":"https:\/\/nopalina.com\/es\/wp-json\/wp\/v2\/product_cat?post=595"},{"taxonomy":"product_tag","embeddable":true,"href":"https:\/\/nopalina.com\/es\/wp-json\/wp\/v2\/product_tag?post=595"}],"curies":[{"name":"wp","href":"https:\/\/api.w.org\/{rel}","templated":true}]}}