{"id":17,"date":"2025-02-08T23:38:39","date_gmt":"2025-02-08T23:38:39","guid":{"rendered":"https:\/\/nopalina.com\/?post_type=product&#038;p=17"},"modified":"2026-04-05T14:46:18","modified_gmt":"2026-04-05T14:46:18","slug":"nopalina-1lb","status":"publish","type":"product","link":"https:\/\/nopalina.com\/es\/producto\/nopalina-1lb\/","title":{"rendered":"Nopalina 1lb"},"content":{"rendered":"<p>Nopalina es un suplemento 100% natural y vers\u00e1til, elaborado para apoyar un estilo de vida saludable y activo. Su f\u00f3rmula \u00fanica combina fibras solubles e insolubles, \u00e1cidos grasos esenciales y extractos de frutas para promover el bienestar general y la salud digestiva. \u2013 Una fuente natural de fibra que ayuda a mantener el equilibrio digestivo. \u2013 Complementa una dieta saludable aportando fibra adicional para una digesti\u00f3n \u00f3ptima. \u2013 Ideal para quienes buscan una forma natural de mejorar su nutrici\u00f3n diaria.<\/p>","protected":false},"excerpt":{"rendered":"<p>Suplemento de fibra de linaza Nopalina \u2013 Bolsa de 454 g (1 lb)<\/p>\n<ul>\n<li><strong>FIBRA QUE ES BUENA PARA EL CORAZ\u00d3N Y LA SALUD GENERAL<\/strong><\/li>\n<li><strong>APOYO A LA REGULARIDAD<\/strong><\/li>\n<li><strong>AYUDA A LA SALUD DIGESTIVA<\/strong><\/li>\n<li><strong>PUEDE AYUDARLE A SENTIR MENOS HAMBRE ENTRE COMIDAS<\/strong><\/li>\n<\/ul>","protected":false},"featured_media":44,"comment_status":"open","ping_status":"closed","template":"","meta":{"site-sidebar-layout":"default","site-content-layout":"","ast-site-content-layout":"default","site-content-style":"default","site-sidebar-style":"default","ast-global-header-display":"","ast-banner-title-visibility":"","ast-main-header-display":"","ast-hfb-above-header-display":"","ast-hfb-below-header-display":"","ast-hfb-mobile-header-display":"","site-post-title":"","ast-breadcrumbs-content":"","ast-featured-img":"","footer-sml-layout":"","ast-disable-related-posts":"","theme-transparent-header-meta":"default","adv-header-id-meta":"","stick-header-meta":"","header-above-stick-meta":"","header-main-stick-meta":"","header-below-stick-meta":"","astra-migrate-meta-layouts":"set","ast-page-background-enabled":"default","ast-page-background-meta":{"desktop":{"background-color":"var(--ast-global-color-5)","background-image":"","background-repeat":"repeat","background-position":"center center","background-size":"auto","background-attachment":"scroll","background-type":"","background-media":"","overlay-type":"","overlay-color":"","overlay-opacity":"","overlay-gradient":""},"tablet":{"background-color":"","background-image":"","background-repeat":"repeat","background-position":"center center","background-size":"auto","background-attachment":"scroll","background-type":"","background-media":"","overlay-type":"","overlay-color":"","overlay-opacity":"","overlay-gradient":""},"mobile":{"background-color":"","background-image":"","background-repeat":"repeat","background-position":"center center","background-size":"auto","background-attachment":"scroll","background-type":"","background-media":"","overlay-type":"","overlay-color":"","overlay-opacity":"","overlay-gradient":""}},"ast-content-background-meta":{"desktop":{"background-color":"var(--ast-global-color-4)","background-image":"","background-repeat":"repeat","background-position":"center center","background-size":"auto","background-attachment":"scroll","background-type":"","background-media":"","overlay-type":"","overlay-color":"","overlay-opacity":"","overlay-gradient":""},"tablet":{"background-color":"var(--ast-global-color-4)","background-image":"","background-repeat":"repeat","background-position":"center center","background-size":"auto","background-attachment":"scroll","background-type":"","background-media":"","overlay-type":"","overlay-color":"","overlay-opacity":"","overlay-gradient":""},"mobile":{"background-color":"var(--ast-global-color-4)","background-image":"","background-repeat":"repeat","background-position":"center center","background-size":"auto","background-attachment":"scroll","background-type":"","background-media":"","overlay-type":"","overlay-color":"","overlay-opacity":"","overlay-gradient":""}}},"product_brand":[55],"product_cat":[16],"product_tag":[49],"class_list":{"0":"post-17","1":"product","2":"type-product","3":"status-publish","4":"has-post-thumbnail","6":"product_brand-nopalina","7":"product_cat-powder","8":"product_tag-digestive-health","9":"product_shipping_class-shipping","10":"desktop-align-left","11":"tablet-align-left","12":"mobile-align-left","14":"first","15":"instock","16":"taxable","17":"shipping-taxable","18":"purchasable","19":"product-type-simple"},"_links":{"self":[{"href":"https:\/\/nopalina.com\/es\/wp-json\/wp\/v2\/product\/17","targetHints":{"allow":["GET"]}}],"collection":[{"href":"https:\/\/nopalina.com\/es\/wp-json\/wp\/v2\/product"}],"about":[{"href":"https:\/\/nopalina.com\/es\/wp-json\/wp\/v2\/types\/product"}],"replies":[{"embeddable":true,"href":"https:\/\/nopalina.com\/es\/wp-json\/wp\/v2\/comments?post=17"}],"wp:featuredmedia":[{"embeddable":true,"href":"https:\/\/nopalina.com\/es\/wp-json\/wp\/v2\/media\/44"}],"wp:attachment":[{"href":"https:\/\/nopalina.com\/es\/wp-json\/wp\/v2\/media?parent=17"}],"wp:term":[{"taxonomy":"product_brand","embeddable":true,"href":"https:\/\/nopalina.com\/es\/wp-json\/wp\/v2\/product_brand?post=17"},{"taxonomy":"product_cat","embeddable":true,"href":"https:\/\/nopalina.com\/es\/wp-json\/wp\/v2\/product_cat?post=17"},{"taxonomy":"product_tag","embeddable":true,"href":"https:\/\/nopalina.com\/es\/wp-json\/wp\/v2\/product_tag?post=17"}],"curies":[{"name":"wp","href":"https:\/\/api.w.org\/{rel}","templated":true}]}}